{"id":7,"date":"2015-12-03T14:54:30","date_gmt":"2015-12-03T14:54:30","guid":{"rendered":"http:\/\/localhost\/tenaglia\/?page_id=7"},"modified":"2022-11-16T15:59:16","modified_gmt":"2022-11-16T15:59:16","slug":"institucional","status":"publish","type":"page","link":"https:\/\/www.tenaglia.com.ar\/index.php\/institucional\/","title":{"rendered":"Institucional"},"content":{"rendered":"<h3 class=\"widget-title\">Nuestra Historia<\/h3>\n<p style=\"font-size: 40px; font-style: italic; border-bottom: 1px dotted; padding: 0px 0px 40px; margin-bottom: 40px; color: #f7c51e; text-align: center;\">Tenaglia Herramientas, un emprendimiento nacido de la necesidad de brindar, como empresa, las exigencias que ten\u00ed\u00adamos como clientes en el rubro.<\/p>\n<p style=\"font-size: 20px; margin: 25px 0;\">Con vastos a\u00f1os de experiencia como capital, se decidi\u00f3 formar Tenaglia Herramientas para abastecer a un sector del mercado de la construcci\u00f3n que necesitaba de herramientas, que por precio o costos del proyecto, hac\u00ed\u00adan inviable su compra.<\/p>\n<p style=\"font-size: 20px; margin: 25px 0;\">De esta forma, Tenaglia Herramientas, brinda un servicio de alquiler \u00fanico, con altos est\u00e1ndares de calidad en sus productos y con el asesoramiento necesario para acertar en la herramienta y su correcta utilizaci\u00f3n.<\/p>\n<p><img loading=\"lazy\" decoding=\"async\" class=\"aligncenter size-full wp-image-171\" src=\"http:\/\/www.tenaglia.com.ar\/wp-content\/uploads\/2015\/12\/banner3-17.23.14.jpg\" alt=\"banner3 17.23.14\" width=\"1808\" height=\"546\" srcset=\"https:\/\/www.tenaglia.com.ar\/wp-content\/uploads\/2015\/12\/banner3-17.23.14.jpg 1808w, https:\/\/www.tenaglia.com.ar\/wp-content\/uploads\/2015\/12\/banner3-17.23.14-300x91.jpg 300w, https:\/\/www.tenaglia.com.ar\/wp-content\/uploads\/2015\/12\/banner3-17.23.14-1024x309.jpg 1024w, https:\/\/www.tenaglia.com.ar\/wp-content\/uploads\/2015\/12\/banner3-17.23.14-960x290.jpg 960w, https:\/\/www.tenaglia.com.ar\/wp-content\/uploads\/2015\/12\/banner3-17.23.14-480x145.jpg 480w, https:\/\/www.tenaglia.com.ar\/wp-content\/uploads\/2015\/12\/banner3-17.23.14-555x168.jpg 555w\" sizes=\"auto, (max-width: 1808px) 100vw, 1808px\" \/><\/p>\n<h3 class=\"widget-title\">Asesoramiento profesional<\/h3>\n<p style=\"font-size: 20px; margin: 25px 0;\">Ante la creciente demanda de nuestros clientes, se han sumado diferentes y variados elementos de trabajo completando todo el arco necesario para el constructor, tanto profesional como hogare\u00f1o; agregando tambi\u00e9n la posibilidad de comprar aquellas herramientas que se decidan imprescindibles.<\/p>\n<p style=\"font-size: 20px; margin: 25px 0;\">Los a\u00f1os de trayectoria en el sector y la personal\u00ed\u00adsima relaci\u00f3n con nuestros clientes caracterizan a Tenaglia Herramientas, haci\u00e9ndolo un lugar de preferencia a la hora de pensar en proyectos de construcci\u00f3n.<\/p>\n<p style=\"font-size: 20px; margin: 25px 0;\">Los deseos que impulsaron el nacimiento de Tenaglia Herramientas son ya una realidad, y su proyecci\u00f3n al futuro una meta a conseguir junto a nuestros clientes.<\/p>\n","protected":false},"excerpt":{"rendered":"<p>Nuestra Historia Tenaglia Herramientas, un emprendimiento nacido de la necesidad de brindar, como empresa, las exigencias que ten\u00ed\u00adamos como clientes en el rubro. Con vastos a\u00f1os de experiencia como capital, se decidi\u00f3 formar Tenaglia Herramientas para abastecer a un sector del mercado de la construcci\u00f3n que necesitaba de herramientas, que por precio o costos del &hellip;<\/p>\n","protected":false},"author":1,"featured_media":0,"parent":0,"menu_order":0,"comment_status":"closed","ping_status":"closed","template":"template-builder-page.php","meta":{"_acf_changed":false,"footnotes":""},"class_list":["post-7","page","type-page","status-publish","hentry"],"acf":[],"_links":{"self":[{"href":"https:\/\/www.tenaglia.com.ar\/index.php\/wp-json\/wp\/v2\/pages\/7","targetHints":{"allow":["GET"]}}],"collection":[{"href":"https:\/\/www.tenaglia.com.ar\/index.php\/wp-json\/wp\/v2\/pages"}],"about":[{"href":"https:\/\/www.tenaglia.com.ar\/index.php\/wp-json\/wp\/v2\/types\/page"}],"author":[{"embeddable":true,"href":"https:\/\/www.tenaglia.com.ar\/index.php\/wp-json\/wp\/v2\/users\/1"}],"replies":[{"embeddable":true,"href":"https:\/\/www.tenaglia.com.ar\/index.php\/wp-json\/wp\/v2\/comments?post=7"}],"version-history":[{"count":0,"href":"https:\/\/www.tenaglia.com.ar\/index.php\/wp-json\/wp\/v2\/pages\/7\/revisions"}],"wp:attachment":[{"href":"https:\/\/www.tenaglia.com.ar\/index.php\/wp-json\/wp\/v2\/media?parent=7"}],"curies":[{"name":"wp","href":"https:\/\/api.w.org\/{rel}","templated":true}]}}