{"id":5,"date":"2015-12-03T14:53:51","date_gmt":"2015-12-03T14:53:51","guid":{"rendered":"http:\/\/localhost\/tenaglia\/?page_id=5"},"modified":"2022-11-16T16:04:14","modified_gmt":"2022-11-16T16:04:14","slug":"home","status":"publish","type":"page","link":"https:\/\/www.tenaglia.com.ar\/","title":{"rendered":"Home"},"content":{"rendered":"<div id=\"pl-5\"  class=\"panel-layout\" ><div id=\"pg-5-0\"  class=\"panel-grid panel-has-style\" ><div class=\"siteorigin-panels-stretch panel-row-style panel-row-style-for-5-0\" data-stretch-type=\"full\" ><div id=\"pgc-5-0-0\"  class=\"panel-grid-cell\" ><div id=\"panel-5-0-0-0\" class=\"so-panel widget widget_media_image panel-first-child\" data-index=\"0\" ><a href=\"https:\/\/www.tenaglia.com.ar\/index.php\/catalogo\/\"><img loading=\"lazy\" decoding=\"async\" width=\"1919\" height=\"579\" src=\"https:\/\/www.tenaglia.com.ar\/wp-content\/uploads\/2022\/11\/img.jpg\" class=\"image wp-image-241  attachment-full size-full\" alt=\"\" style=\"max-width: 100%; height: auto;\" srcset=\"https:\/\/www.tenaglia.com.ar\/wp-content\/uploads\/2022\/11\/img.jpg 1919w, https:\/\/www.tenaglia.com.ar\/wp-content\/uploads\/2022\/11\/img-300x91.jpg 300w, https:\/\/www.tenaglia.com.ar\/wp-content\/uploads\/2022\/11\/img-1024x309.jpg 1024w, https:\/\/www.tenaglia.com.ar\/wp-content\/uploads\/2022\/11\/img-768x232.jpg 768w, https:\/\/www.tenaglia.com.ar\/wp-content\/uploads\/2022\/11\/img-1536x463.jpg 1536w, https:\/\/www.tenaglia.com.ar\/wp-content\/uploads\/2022\/11\/img-960x290.jpg 960w, https:\/\/www.tenaglia.com.ar\/wp-content\/uploads\/2022\/11\/img-480x145.jpg 480w, https:\/\/www.tenaglia.com.ar\/wp-content\/uploads\/2022\/11\/img-555x167.jpg 555w\" sizes=\"auto, (max-width: 1919px) 100vw, 1919px\" \/><\/a><\/div><div id=\"panel-5-0-0-1\" class=\"so-panel widget widget_pt_banner widget-banner panel-last-child\" data-index=\"1\" >\t\t\t\t<div class=\"banner__text\">\n\t\t\t\t\t\u00bfNecesita asesoramiento en su pr\u00f3ximo proyecto?\t\t\t\t<\/div>\n\t\t\t\t<div class=\"banner__buttons\">\n\t\t\t\t\t<a class=\"btn  btn-primary\" href=\"index.php\/contacto\" target=\"_self\">Contactanos<\/a>   <a class=\"btn  btn-default\" href=\"index.php\/catalogo\" target=\"_self\">Ver el Cat\u00e1logo<\/a>\t\t\t\t<\/div>\n\t\t\t<\/div><\/div><\/div><\/div><div id=\"pg-5-1\"  class=\"panel-grid panel-no-style\" ><div id=\"pgc-5-1-0\"  class=\"panel-grid-cell\" ><div id=\"panel-5-1-0-0\" class=\"so-panel widget widget_text panel-first-child\" data-index=\"2\" >\t\t\t<div class=\"textwidget\"><\/div>\n\t\t<\/div><div id=\"panel-5-1-0-1\" class=\"so-panel widget panel-last-child\" data-index=\"3\" ><\/div><\/div><div id=\"pgc-5-1-1\"  class=\"panel-grid-cell\" ><div id=\"panel-5-1-1-0\" class=\"so-panel widget widget_text panel-first-child\" data-index=\"4\" >\t\t\t<div class=\"textwidget\"><\/div>\n\t\t<\/div><div id=\"panel-5-1-1-1\" class=\"so-panel widget panel-last-child\" data-index=\"5\" ><\/div><\/div><\/div><div id=\"pg-5-2\"  class=\"panel-grid panel-has-style\" ><div class=\"siteorigin-panels-stretch panel-row-style panel-row-style-for-5-2\" data-stretch-type=\"full\" ><div id=\"pgc-5-2-0\"  class=\"panel-grid-cell\" ><div id=\"panel-5-2-0-0\" class=\"so-panel widget widget_text panel-first-child panel-last-child\" data-index=\"6\" >\t\t\t<div class=\"textwidget\"><div class=\"motivational-text\">Estamos comprometidos a brindar la mejor selecci\u00f3n de herramientas y recursos para la construcci\u00f3n del mercado, as\u00ed\u00ad como personal especializado y la mejor atenci\u00f3n.<\/div>\n\t\t<\/div><\/div><\/div><\/div><div id=\"pg-5-3\"  class=\"panel-grid panel-no-style\" ><div id=\"pgc-5-3-0\"  class=\"panel-grid-cell\" ><div id=\"panel-5-3-0-0\" class=\"so-panel widget widget_text panel-first-child panel-last-child\" data-index=\"7\" ><div class=\"panel-widget-style panel-widget-style-for-5-3-0-0\" ><h3 class=\"widget-title\">Clientes<\/h3>\t\t\t<div class=\"textwidget\"><div class=\"logo-panel\">\n\t\t\t\t<div class=\"row\">\n\t\t\t\t\t<div class=\"col-xs-12  col-sm-2\">\n\t\t\t\t\t\t<img decoding=\"async\" src=\"http:\/\/tenaglia.com.ar\/wp-content\/uploads\/2016\/04\/marca1.jpg\" alt=\"Client\">\n\t\t\t\t\t<\/div>\n\t\t\t\t\t<div class=\"col-xs-12  col-sm-2\">\n\t\t\t\t\t\t<img decoding=\"async\" src=\"http:\/\/tenaglia.com.ar\/wp-content\/uploads\/2016\/04\/marca2.jpg\" alt=\"Client\">\n\t\t\t\t\t<\/div>\n\t\t\t\t\t<div class=\"col-xs-12  col-sm-2\">\n\t\t\t\t\t\t<img decoding=\"async\" src=\"http:\/\/tenaglia.com.ar\/wp-content\/uploads\/2016\/04\/marca3.jpg\" alt=\"Client\">\n\t\t\t\t\t<\/div>\n\t\t\t\t\t<div class=\"col-xs-12  col-sm-2\">\n\t\t\t\t\t\t<img decoding=\"async\" src=\"http:\/\/tenaglia.com.ar\/wp-content\/uploads\/2016\/04\/marca4.jpg\" alt=\"Client\">\n\t\t\t\t\t<\/div>\n\t\t\t\t<\/div>\n\t\t\t<\/div><\/div>\n\t\t<\/div><\/div><\/div><\/div><\/div>","protected":false},"excerpt":{"rendered":"<p>\u00a0VENTA Y ALQUILERNuestros productos cuentan con la opci\u00f3n de venta y alquiler, de forma que se ajusten a las necesidades de sus requerimientos. \u00a0LOS MEJORES EQUIPOSContamos con los mejores equipos para la realizaci\u00f3n de cualquier emprendimiento de la construcci\u00f3n, as\u00ed\u00ad como maquinaria especializada para las proyectos m\u00e1s espec\u00edficos. \u00a0ATENCI\u00d3N PERSONALIZADAProveemos asesoramiento constante y el mejor &hellip;<\/p>\n","protected":false},"author":1,"featured_media":0,"parent":0,"menu_order":0,"comment_status":"closed","ping_status":"closed","template":"template-front-page-slider.php","meta":{"_acf_changed":false,"footnotes":""},"class_list":["post-5","page","type-page","status-publish","hentry"],"acf":[],"_links":{"self":[{"href":"https:\/\/www.tenaglia.com.ar\/index.php\/wp-json\/wp\/v2\/pages\/5","targetHints":{"allow":["GET"]}}],"collection":[{"href":"https:\/\/www.tenaglia.com.ar\/index.php\/wp-json\/wp\/v2\/pages"}],"about":[{"href":"https:\/\/www.tenaglia.com.ar\/index.php\/wp-json\/wp\/v2\/types\/page"}],"author":[{"embeddable":true,"href":"https:\/\/www.tenaglia.com.ar\/index.php\/wp-json\/wp\/v2\/users\/1"}],"replies":[{"embeddable":true,"href":"https:\/\/www.tenaglia.com.ar\/index.php\/wp-json\/wp\/v2\/comments?post=5"}],"version-history":[{"count":1,"href":"https:\/\/www.tenaglia.com.ar\/index.php\/wp-json\/wp\/v2\/pages\/5\/revisions"}],"predecessor-version":[{"id":239,"href":"https:\/\/www.tenaglia.com.ar\/index.php\/wp-json\/wp\/v2\/pages\/5\/revisions\/239"}],"wp:attachment":[{"href":"https:\/\/www.tenaglia.com.ar\/index.php\/wp-json\/wp\/v2\/media?parent=5"}],"curies":[{"name":"wp","href":"https:\/\/api.w.org\/{rel}","templated":true}]}}